{"id":4,"date":"2021-06-14T10:52:03","date_gmt":"2021-06-14T08:52:03","guid":{"rendered":"http:\/\/localhost:8000\/?page_id=4"},"modified":"2023-10-18T13:51:56","modified_gmt":"2023-10-18T11:51:56","slug":"notizie","status":"publish","type":"page","link":"https:\/\/www.hockeyforli.it\/?page_id=4","title":{"rendered":"Notizie"},"content":{"rendered":"\n<h2>Si ricomincia dalla sfida casalinga contro i Mammuth Roma: la Libertas punta forte sui giovani<\/h2>\n\n\n\n<p>18 ottobre 2023<\/p>\n\n\n\n<figure class=\"wp-block-image size-large is-resized\"><img loading=\"lazy\" src=\"https:\/\/www.hockeyforli.it\/wp-content\/uploads\/2023\/10\/hockey-a__-libertas-forlA\u00ac-si-ricomincia-1-1-1024x576.jpg\" alt=\"\" class=\"wp-image-1751\" width=\"778\" height=\"437\" srcset=\"https:\/\/www.hockeyforli.it\/wp-content\/uploads\/2023\/10\/hockey-a__-libertas-forlA\u00ac-si-ricomincia-1-1-1024x576.jpg 1024w, https:\/\/www.hockeyforli.it\/wp-content\/uploads\/2023\/10\/hockey-a__-libertas-forlA\u00ac-si-ricomincia-1-1-300x169.jpg 300w, https:\/\/www.hockeyforli.it\/wp-content\/uploads\/2023\/10\/hockey-a__-libertas-forlA\u00ac-si-ricomincia-1-1-768x432.jpg 768w, https:\/\/www.hockeyforli.it\/wp-content\/uploads\/2023\/10\/hockey-a__-libertas-forlA\u00ac-si-ricomincia-1-1.jpg 1280w\" sizes=\"(max-width: 778px) 100vw, 778px\" \/><\/figure>\n\n\n\n<p>iparte il campionato di serie B di Hockey inline, dopo la brusca interruzione della stagione passata a causa delle inondazioni che misero in ginocchio la nostra citt\u00e0; la Libertas Forl\u00ec sar\u00e0 subito protagonista al Pattinodromo di via Ribolle sabato&nbsp;alle 19.30 contro i Mammuth Roma. Quest\u2019anno la societ\u00e0 forlivese punter\u00e0 su un gruppo in larga parte proveniente dal proprio settore giovanile, con pochi innesti esterni e diverse riconferme provenienti dal roster dell\u2019anno scorso. In panchina, in qualit\u00e0 di head coach, il gradito ritorno di Roberto Rizzoli, dopo un anno di pausa per motivi familiari, coadiuvato da Michele Rossi, che dopo aver seguito per tanti anni le giovanili Libertas si cimenter\u00e0 come aiuto allenatore (oltre che giocatore) del settore senior. La \u201cgabbia\u201d romagnola sar\u00e0 difesa da Andrea Bellantonio, portiere classe 2005 ma con gi\u00e0 due esperienze di serie B alle spalle; altri portieri saranno Alberto Cipriano, proveniente da Modena, e il classe 2007 Cristiano Cerato da Bolzano, per ora impegnato nel campionato su ghiaccio.<\/p>\n\n\n\n<p>Da Modena arrivano anche Davide Astolfi (gi\u00e0 nel roster Libertas dello scorso anno), Marco Ballarin e Fabrizio Castagneri, atleti esperti con svariate presenze nella massima serie; riconfermato da Bolzano (ma residente a Forl\u00ec da tempo) Niki Bernardoni, tassello importante del gruppo forlivese da due anni, e da Cavalese il giovane Sebastiano Zanon. Da S.Benedetto del Tronto, ma dopo aver giocato quasi tutte le categorie giovanili all\u2019ombra di S.Mercuriale, il 2005 Ivo Mucchetti. Il resto della rosa \u00e8 tutta forlivese doc, e si spartir\u00e0 tra il campionato di Serie B e quello di C, visto che molti giovani non avranno pi\u00f9 la possibilit\u00e0 di affrontare i tornei giovanili per passaggio di categoria: tra i senior troviamo Maicol Bagattoni, Luciano De Blasio e David Carurucan (tornati disponibili dopo un anno di stop), Robin Mazzoni e il capitano Moreno Guerzoni. Nutrita la truppa dei giovani, alcuni gi\u00e0 scesi in campo in pi\u00f9 occasioni in serie B: i 2006 Valentino Guerre e Gabriele Troiano, e i 2005 Gabriele Bartolini, Carlo Fineo, Niccol\u00f2 Rossi, Francesco Tassinari e Simone Versari.<\/p>\n\n\n\n<p>Altri punti di forza delle rotazioni di coach Rizzoli saranno Diego Cimatti (2005) e Michelangelo Carli (2007) reduci dall\u2019esperienza dei campionati europei junior con le nazionali di categoria. Altra azzurra junior in roster sar\u00e0 Caterina Folli (2006) che andr\u00e0 a completare la \u201cquota rosa\u201d della squadra con Rebecca Carli (2004) e le pi\u00f9 esperte Martina Succi e Daniela Villa. Chiudono il roster Andrea Bandini, Mirco Valgiusti, Antonio Vestrucci, Luca Galassi e Piero Bozzoni che andranno ad integrare l\u2019organico previsto per il campionato di serie C.<\/p>\n\n\n\n<p>Per il settore giovanile la Libertas ha scelto di puntare alla partnership con i Corsari Riccione, non tanto con l\u2019obiettivo di raggiungere risultati immediati, ma di fare maturare esperienza nei pi\u00f9 piccoli (under 10 e under12) che saranno affidati a Mirco Valgiusti; Martina Succi seguir\u00e0 i pi\u00f9 esperti Under 16, mentre gli under 14 saranno inseriti nel team di Riccione. Si prospetta un\u2019annata bella piena, con un numero di atleti coinvolti come forse mai prima d\u2019ora, uno scenario che fa ben sperare per la crescita dell\u2019hockey nel nostro territorio; a questo proposito dobbiamo anche ricordare il Trofeo delle Regioni, che vedr\u00e0 tanti giovani atleti (dalla under 12 alla under 16) provenienti da tutta Italia sfidarsi proprio a Forl\u00ec dal 3 al 5 novembre.<\/p>\n\n\n\n<h2>Hockey, Forl\u00ec piega Montebelluna e accede alla semifinale playoff di serie B\u00a0<\/h2>\n\n\n\n<p>08 maggio 2023<\/p>\n\n\n\n<figure class=\"wp-block-image size-large\"><img src=\"https:\/\/sp-ao.shortpixel.ai\/client\/to_webp,q_glossy,ret_img,w_759\/https:\/\/www.piazzaledellavittoria.it\/wp-content\/uploads\/2023\/05\/foto-759x500.jpg\" alt=\"\"\/><\/figure>\n\n\n\n<p>Serve gara3 per avere ragione dei coriacei veneti; ora la Libertas \u00e8 attesa da Legnaro, prima classificata della stagione regolare<\/p>\n\n\n\n<p>Dopo aver espugnato Montebelluna in gara1, a Forl\u00ec si sperava di poter chiudere la serie nel match casalingo del sabato; dalle prime battute gara2 sembra una partita equilibrata ma molto fallosa, con le penalit\u00e0 che fioccano da entrambe le parti. Forl\u00ec cerca di prendere in mano le redini del gioco ed infatti a 12\u201910 dalla pausa \u00e8 Stricker che da il disco a Bernardoni che a sua volta si invola verso la gabbia ed insacca. Il match rimane ruvido e veloce, e a met\u00e0 del secondo tempo Bernardoni decide di ricambiare il favore a Stricker per la seconda rete romagnola. La partita sembra ormai indirizzata, invece qualche distrazione di troppo dei ragazzi di coach Frizzera regala a Merli la gioa della doppietta personale nel giro di un minuto. Tutto da rifare, si va all\u2019overtime dove un discutibilissimo fallo viene fischiato a Mucchetti, al rientro del quale in mezzo alla confusione i Raiders chiudono le ostilit\u00e0 con Zanetti. Tutto da rifare, ci si gioca tutto in gara3 il giorno successivo.<\/p>\n\n\n\n<p>Nella sfida decisiva \u00e8 Montebelluna a partire a mille, mentre Forl\u00ec sembra aver accusato la stanchezza del giorno prima. I romagnoli resistono alle folate offensive venete e vanno addirittura in vantaggio a 11\u201932 dalla fine del tempo con Astolfi imbeccato da Stricker Montebelluna accusa il colpo, tant\u2019\u00e8 vero che dopo pochi minuti, per ben due volte la coppia Bernardoni-Stricker va a segno ed ancora a pochi minuti dalla sirena, Carli sfugge in velocit\u00e0 al proprio marcatore e sigla il 4-0 su assist di Sorrenti. Dopo diverse occasioni sprecate, a 5\u201929 dal termine del primo tempo, anche Montebelluna sporca il tabellino con&nbsp; Rocco su assist del fratello. Nel secondo tempo i veneti scendono in campo tutt\u2019altro che rassegnati, tanto che Zanetti&nbsp; accorcia subito le distanze, ma anche Forl\u00ec vuole evitare la rimonta degli avversari&nbsp; e a met\u00e0 esatta del tempo \u00e8 Sorrenti su assist di Cimatti a siglare il temporaneo 5-2. Ma col passare del tempo sale la pressione degli ospiti e per Forl\u00ec comincia a materializzarsi l\u2019incubo di un finale simile a quello di gara2; nel giro di un paio di minuti prima Giopp e poi Merli riportano il match sul 5-4 facendo rabbrividire il pubblico di parte romagnola che immagina il finale un film gi\u00e0 visto, ma per fortuna questa volta i titoli di coda sono diversi. Forl\u00ec accede alle semifinali; sabato prossimo in via Ribolle arriver\u00e0 la corazzata Legnaro per gara1<\/p>\n\n\n\n<h2>Hockey, playoff serie B: buona la prima, Forl\u00ec vince a Montebelluna<\/h2>\n\n\n\n<p>01 maggio 2023<\/p>\n\n\n\n<p>Si va a garadue a Forl\u00ec, programmata per sabato alle 19,30: alla Libertas sar\u00e0 vietato rilassarsi per avere ragione di questo Montebelluna ed evitare il rischio di gara3<\/p>\n\n\n\n<figure class=\"wp-block-image size-large is-resized\"><img loading=\"lazy\" src=\"https:\/\/www.hockeyforli.it\/wp-content\/uploads\/2023\/05\/hockey-\u2013-playoff-serie-b-buona-la-prima-forli-vince-a-montebelluna-1024x576.jpg\" alt=\"\" class=\"wp-image-1717\" width=\"774\" height=\"435\" srcset=\"https:\/\/www.hockeyforli.it\/wp-content\/uploads\/2023\/05\/hockey-\u2013-playoff-serie-b-buona-la-prima-forli-vince-a-montebelluna-1024x576.jpg 1024w, https:\/\/www.hockeyforli.it\/wp-content\/uploads\/2023\/05\/hockey-\u2013-playoff-serie-b-buona-la-prima-forli-vince-a-montebelluna-300x169.jpg 300w, https:\/\/www.hockeyforli.it\/wp-content\/uploads\/2023\/05\/hockey-\u2013-playoff-serie-b-buona-la-prima-forli-vince-a-montebelluna-768x432.jpg 768w, https:\/\/www.hockeyforli.it\/wp-content\/uploads\/2023\/05\/hockey-\u2013-playoff-serie-b-buona-la-prima-forli-vince-a-montebelluna.jpg 1280w\" sizes=\"(max-width: 774px) 100vw, 774px\" \/><\/figure>\n\n\n\n<p>Buona la prima, Forl\u00ec vince a Montebelluna, ma il risultato finale (2-1 per i romagnoli) non deve trarre in inganno. Si \u00e8 trattato infatti di una partita equilibratissima, in rigoroso stile playoff. Forl\u00ec come spesso in questo campionato non parte fortissimo, e dopo una fase iniziale di studio Montebelluna approfitta di uno svarione difensivo romagnolo che lascia Broch solo davanti a Bellantonio; 1-0 per i veneti e il match per Forl\u00ec si fa in salita. La partita prosegue con occasioni da ambo le parti, i Raiders potrebbero passare ancora ma Bellantonio in stato di grazia e due pali dicono di no; si arriva cos\u00ec a met\u00e0 del secondo tempo quando un lungo e potente assist di Cimatti viene abilmente deviato in porta da Stricker per il pareggio. La partita si accende, cominciano a volare colpi pi\u00f9 o meno proibiti, la coppia arbitrale lascia molto correre, e Montebelluna cerca di approfittarne, ma \u00e8 ancora Cimatti, che sfruttando una bella uscita veloce da dietro porta che coinvolge tutta la linea, a 3\u201905 dal termine su imbeccata di Mucchetti, mette il sigillo finale. Si va a garadue a Forl\u00ec, programmata per sabato alle 19,30: alla Libertas sar\u00e0 vietato rilassarsi per avere ragione di questo Montebelluna ed evitare il rischio di gara3; quest\u2019ultima, in caso di necessit\u00e0, si giocher\u00e0 domenica a Riccione, vista la non disponibilit\u00e0 dell\u2019impianto di via Ribolle.<\/p>\n\n\n\n<p><\/p>\n\n\n\n<h2>Hockey serie B, vittoria a Piacenza: il Forl\u00ec blinda il quarto posto in classifica<\/h2>\n\n\n\n<p>17 aprile 2023<\/p>\n\n\n\n<figure class=\"wp-block-image size-large\"><img src=\"https:\/\/sp-ao.shortpixel.ai\/client\/to_webp,q_glossy,ret_img,w_759\/https:\/\/www.piazzaledellavittoria.it\/wp-content\/uploads\/2023\/04\/pc-fo-759x500.jpg\" alt=\"\"\/><\/figure>\n\n\n\n<p>L\u2019 Hockey Forl\u00ec torna a vincere dopo la brutta sconfitta rimediata in casa contro il Legnaro e dopo la sosta pasquale. A farne le spese \u00e8 un buon Piacenza che nonostante il punteggio, se la gioca per tutta la durata del match. Nonostante le dimensioni e il fondo della pista non siano ottimali per i romagnoli, l\u2019inizio dell\u2019incontro vede i War Pigs protagonisti; dopo pochi minuti dal fischio iniziale, Bernardoni si invola sulla fascia, tira e su respinta del goalie insacca. Ma Piacenza non ci sta, e dopo un minuto esatto pareggia con Rossetti servito da Astuti.<\/p>\n\n\n\n<p>Continua per\u00f2 la buona serata di Forl\u00ec, che non si fa impressionare troppo e mantiene le redini della partita, tant\u2019\u00e8 vero che solo dopo pochi secondi Pazzaglia serve Astolfi per il 2-1. Ma \u00e8 a 10\u201923 dalla pausa che, in inferiorit\u00e0 numerica, Funari incredibilmente si lancia verso porta e segna in Penalty killing; prima della chiusura del primo tempo, c\u2019\u00e8 ancora spazio per qualche emozione, grazie ad un tiro potente di Mucchetti che, sfuggito al portiere, permette al veloce Bernardoni di infilare la doppietta personale.<br>Si va in spogliatoio sul 4-1 e la ripresa inizia con una fase di stallo da entrambe le parti; Forl\u00ec viaggia sul velluto grazie al vantaggio acquisito e segna ancora con Sorrenti a met\u00e0 secondo tempo. Piacenza d\u00e0 qualche segno di vita ed accorcia con Sironi su assist di Vezzoli, ma passano pochi minuti e prima Forl\u00ec va a segno con il giovane Carli che vede un buco alla destra di Barone, poi nuovamente Rossetti segna la terza rete Piacentina. A 2\u201911 dal termine c\u2019\u00e8 ancora spazio per il goal di Stricker che fissa il risultato sul 3-7 . Prossimo impegno in casa contro i Castelli Romani per l\u2019ultima giornata di stagione regolare, dopodich\u00e8 inizieranno i playoff promozione per salire in serie A<\/p>\n\n\n\n<p><\/p>\n\n\n\n<h2><a href=\"http:\/\/localhost:8000\/?page_id=440\">A Forl\u00ec la Final Six Promozione<\/a><\/h2>\n\n\n\n<p>Venerd\u00ec 19 Aprile 2019 11:16<\/p>\n\n\n\n<p>Il <strong>27-28 Aprile<\/strong> prossimi il&nbsp;Pattinodromo Comunale, con il patrocinio del Comune di Forl\u00ec, ospiter\u00e0 la Final Six, l&#8217;atto conclusivo del campionato di Serie B che mette in palio la promozione in Serie A per <strong>una<\/strong> soltanto delle sei squadre finaliste.<\/p>\n\n\n\n<p>A contendersi la promozione oltre che i <strong>War Pigs Forl\u00ec<\/strong> saranno le squadre dei <a href=\"https:\/\/www.facebook.com\/CORSARI\/\">Corsari Riccione<\/a>, <a href=\"https:\/\/www.facebook.com\/AsdTergesteTigers\/\">Tergeste Tigers<\/a>, <a href=\"https:\/\/www.facebook.com\/hockeylepis\/\">Lepis Piacenza<\/a>, <a href=\"https:\/\/www.facebook.com\/Invicta-Skate-hockey-in-line-Modena-205705706106515\/\">Invicta Modena<\/a>, <a href=\"https:\/\/www.facebook.com\/OldStyleTorrePellice\/\">Old Style Torre Pellice<\/a>.<\/p>\n\n\n\n<figure class=\"wp-block-image\"><img src=\"http:\/\/www.hockeyforli.it\/images\/stories\/locandina final six.jpg\" alt=\"\"\/><\/figure>\n\n\n\n<p>Questo sar\u00e0 il <strong>calendario <\/strong>delle 2 giornate:<\/p>\n\n\n\n<figure class=\"wp-block-image\"><img src=\"http:\/\/www.hockeyforli.it\/images\/stories\/calendario final six.jpg\" alt=\"\"\/><\/figure>\n\n\n\n<h2><a href=\"http:\/\/localhost:8000\/?page_id=220\">Serie A &#8212;&#8212;- Derby emiliano-romagnolo in casa War pigs. Under 12 &#8211; Domenica primo impegno ufficiale a Modena<\/a><\/h2>\n\n\n\n<p>Gioved\u00ec 30 Novembre 2017 18:44<\/p>\n\n\n\n<p>E\u2019 tempo di <strong>derby<\/strong>!!<\/p>\n\n\n\n<p>Provando a lasciare alle spalle la deludente prestazione in Coppa Italia dello scorso weekend ad Asiago, la <strong>Libertas Hockey Forl\u00ec<\/strong> scende in campo <strong>sabato 2 dicembre<\/strong> contro i <strong>Ferrara Hockey Warriors<\/strong> sul campo di casa, il <strong>Palazzetto Comunale<\/strong> di <strong>Via Ribolle<\/strong>.<\/p>\n\n\n\n<p>Tra le fila romagnole si respira tutta la tensione ed il fermento dei giocatori per questa partita. Sabato sera si accenderanno i riflettori del derby emiliano-romagnolo e tra i ragazzi di Forl\u00ec prevale la voglia di portare a casa punti preziosi in ottica salvezza. I War Pigs si presenteranno in pista con il <strong>roster completo<\/strong>, potendo contare sul vantaggio derivato dal campo casalingo e dalle ultime modifiche effettuate dall\u2019allenatore <strong>Rizzoli<\/strong> alle linee di gioco.<\/p>\n\n\n\n<p>Invitiamo tutti i tifosi e amanti dello sport a sostenere e fare il tifo per i <strong>War Pigs<\/strong> <strong>sabato sera<\/strong> alle <strong>20.30<\/strong> presso il <strong>Pattinodromo <\/strong>di<strong> Via Ribolle&nbsp;(ingresso gratuito)!!<\/strong><\/p>\n\n\n\n<figure class=\"wp-block-image\"><img src=\"http:\/\/www.hockeyforli.it\/images\/stories\/forli-ferrara.png\" alt=\"\"\/><\/figure>\n\n\n\n<p><strong>Domenica 3 dicembre<\/strong> a <strong>Modena<\/strong>, inoltre, i piccoli atleti categoria <strong>Under 12 <\/strong>della <strong>Libertas Hockey Forl\u00ec<\/strong> prenderanno parte all\u2019avvio del Campionato regionale durante il concentramento modenese contro <strong>Ferrara<\/strong>, <strong>Parma <\/strong>e <strong>Modena<\/strong>; prime partite ufficiali della stagione ed esordio per la maggior parte dei piccoli <strong>Under 12 War Pigs<\/strong>.<\/p>\n\n\n\n<h2><a href=\"http:\/\/localhost:8000\/?page_id=223\">Coppa Italia &#8211; Gara secca ad Asiago per il passaggio di turno. Domenica primo impegno per i ragazzi nella Under 16<\/a><\/h2>\n\n\n\n<p>Venerd\u00ec 24 Novembre 2017 13:30<\/p>\n\n\n\n<p>Ritorna la <strong>Coppa Italia<\/strong><\/p>\n\n\n\n<p>Dopo la sconfitta in Campionato rimediata sul campo scaligero del Cus Verona Hockey, i romagnoli della Libertas Hockey Forl\u00ec tornano in pista sabato per la terza fase della Coppa Italia.<\/p>\n\n\n\n<p>I sorteggi degli accoppiamenti delle squadre per questa fase sono avvenuti il 17 novembre in diretta streaming; sorteggi effettuati per mano del Coach delle Nazionali azzurre Luca Rigoni. La squadra forlivese affronter\u00e0 quindi gli <strong>Asiago Vipers<\/strong> sul campo di casa dei veneti il <strong>25 novembre<\/strong> alle <strong>ore 20<\/strong>, in contemporanea con tutte le altre partite della Coppa Italia, in una sfida che prevede l\u2019eliminazione diretta.<\/p>\n\n\n\n<p>La partita sar\u00e0 l\u2019occasione perfetta per il <strong>coach Rizzoli <\/strong>per provare la validit\u00e0 delle nuove linee ed i nuovi schemi di gioco, cercando di imporsi sui veneti per conquistare quindi l\u2019accesso alla semifinale ad otto squadre della Coppa, riservato unicamente alle squadre vincitrici di questa fase.<\/p>\n\n\n\n<figure class=\"wp-block-image\"><img src=\"http:\/\/www.hockeyforli.it\/images\/stories\/forza forl.jpg\" alt=\"\"\/><\/figure>\n\n\n\n<p><strong>Domenica 26 novembre<\/strong> vi sar\u00e0 inoltre l\u2019esordio per i piccoli <strong>War Pigs <\/strong>dell\u2019Under 14 nel <strong>Campionato Under 16<\/strong> nelle fila dei <strong>Pattinatori Sambenedettesi<\/strong>, grazie alla nuova <strong>partnership<\/strong> creata tra le due societ\u00e0.<br>Sul campo del <strong>Ferrara<\/strong> Hockey, i ragazzi romagnoli e marchigiani saranno in campo a partire dalle <strong>12:00 <\/strong>contro il <strong>Bomporto <\/strong>ed a seguire alle <strong>13:30<\/strong> contro il <strong>Modena<\/strong>.<\/p>\n\n\n\n<h2><a href=\"http:\/\/localhost:8000\/?page_id=226\">Serie A di nuovo in trasferta. A Verona contro un ex War Pig. Under 14 &#8211; Domenica primo impegno ufficiale a Modena<\/a><\/h2>\n\n\n\n<p>Venerd\u00ec 17 Novembre 2017 17:33<\/p>\n\n\n\n<p><strong>Sabato <\/strong>sera alle <strong>ore 18.00<\/strong> i giocatori della<strong> Libertas Hockey Forl\u00ec<\/strong> si scontreranno con il <strong>CUS Verona Hockey<\/strong> sul campo di casa della compagine veneta.<br><br>Sar\u00e0 una partita sicuramente impegnativa per i War Pigs, i quali si troveranno di fronte la formazione scaligera reduce da ben tre successi di fila e con la porta difesa da una &#8220;vecchia conoscenza&#8221; dei giocatori forlivesi, il portiere Marco Peruzzi &#8220;Pera&#8221;, il primo portiere durante la stagione 2014\/15, quella della nuova promozione in Serie A della Libertas Hockey Forl\u00ec.<br>La compagine romagnola dovr\u00e0 cercare di esprimere al meglio il proprio gioco, provando a finalizzare al massimo le occasioni ed evitando di incorrere in eccessive penalit\u00e0.<\/p>\n\n\n\n<figure class=\"wp-block-image\"><img src=\"http:\/\/www.hockeyforli.it\/images\/stories\/urlo fuori casa.jpg\" alt=\"\"\/><\/figure>\n\n\n\n<p><strong>Domenica <\/strong>partir\u00e0 anche il <strong>campionato U14<\/strong> (fase zonale).<\/p>\n\n\n\n<p>I nostri giovani giocatori saranno impegnati nelle prime due partite <strong>a Modena<\/strong>, contro i <strong>Gufi Parma<\/strong> alle ore 11.15 e <strong>Scomed&nbsp;Bomporto <\/strong>alle ore 12.30.&nbsp;&nbsp;<br>La squadra sar\u00e0 composta da tutti i 12 giocatori, pronti a dar battaglia sul campo del pattinodromo modenese per portare a casa punti preziosi e a divertirsi insieme a tutte le altre squadre: Scomed&nbsp;Comporto, Hockey Imola, Gufi Parma e Invicta Modena.<\/p>\n\n\n\n<p><strong><br>In Bocca al lupo War Pigs!!!<\/strong><\/p>\n\n\n\n<h2>Altri articoli&#8230;<\/h2>\n\n\n\n<ul><li><a href=\"http:\/\/localhost:8000\/?page_id=572\">Riparte la Serie A. In casa contro Torino per i primi punti stagionali<\/a><\/li><li><a href=\"http:\/\/localhost:8000\/?page_id=574\">Seconda di campionato in trasferta a Vicenza<\/a><\/li><li><a href=\"http:\/\/localhost:8000\/?page_id=577\">Al via, a Padova, la nuova stagione della Libertas Hockey Forl\u00ec<\/a><\/li><li><a href=\"http:\/\/localhost:8000\/?page_id=580\">Il CSPE entra a far parte dello staff della squadra di serie A<\/a><\/li><li><a href=\"http:\/\/localhost:8000\/?page_id=584\">Un gradito ritorno alla guida della Serie A<\/a><\/li><li><a href=\"http:\/\/localhost:8000\/?page_id=587\">In casa contro Roma per scongiurare il peggio<\/a><\/li><li><a href=\"http:\/\/localhost:8000\/?page_id=590\">Di nuovo in campo, dopo la pausa natalizia, contro Monleale<\/a><\/li><li><a href=\"http:\/\/localhost:8000\/?page_id=593\">In casa contro Asiago per mantenere i piani alti della classifica<\/a><\/li><li><a href=\"http:\/\/localhost:8000\/?page_id=597\">Si riparte in trasferta a Verona<\/a><\/li><li><a href=\"http:\/\/localhost:8000\/?page_id=599\">Derby emiliano &#8211; romagnolo a Forl\u00ec<\/a><\/li><\/ul>\n\n\n\n<div style=\"height:108px\" aria-hidden=\"true\" class=\"wp-block-spacer\"><\/div>\n\n\n\n<p><\/p>\n","protected":false},"excerpt":{"rendered":"<p>Si ricomincia dalla sfida casalinga contro i Mammuth Roma: la Libertas punta forte sui giovani 18 ottobre 2023 iparte il campionato di serie B di Hockey inline, dopo la brusca interruzione della stagione passata a causa delle inondazioni che misero in ginocchio la nostra citt\u00e0; la Libertas Forl\u00ec sar\u00e0 subito protagonista al Pattinodromo di via &hellip; <\/p>\n<p class=\"link-more\"><a href=\"https:\/\/www.hockeyforli.it\/?page_id=4\" class=\"more-link\">Continue reading<span class=\"screen-reader-text\"> &#8220;Notizie&#8221;<\/span><\/a><\/p>\n","protected":false},"author":1,"featured_media":0,"parent":0,"menu_order":0,"comment_status":"closed","ping_status":"closed","template":"","meta":{"_regular_price":[],"currency_symbol":[]},"post_slider_layout_featured_media_urls":{"thumbnail":"","post_slider_layout_landscape_large":"","post_slider_layout_portrait_large":"","post_slider_layout_square_large":"","post_slider_layout_landscape":"","post_slider_layout_portrait":"","post_slider_layout_square":"","full":""},"_links":{"self":[{"href":"https:\/\/www.hockeyforli.it\/index.php?rest_route=\/wp\/v2\/pages\/4"}],"collection":[{"href":"https:\/\/www.hockeyforli.it\/index.php?rest_route=\/wp\/v2\/pages"}],"about":[{"href":"https:\/\/www.hockeyforli.it\/index.php?rest_route=\/wp\/v2\/types\/page"}],"author":[{"embeddable":true,"href":"https:\/\/www.hockeyforli.it\/index.php?rest_route=\/wp\/v2\/users\/1"}],"replies":[{"embeddable":true,"href":"https:\/\/www.hockeyforli.it\/index.php?rest_route=%2Fwp%2Fv2%2Fcomments&post=4"}],"version-history":[{"count":36,"href":"https:\/\/www.hockeyforli.it\/index.php?rest_route=\/wp\/v2\/pages\/4\/revisions"}],"predecessor-version":[{"id":1810,"href":"https:\/\/www.hockeyforli.it\/index.php?rest_route=\/wp\/v2\/pages\/4\/revisions\/1810"}],"wp:attachment":[{"href":"https:\/\/www.hockeyforli.it\/index.php?rest_route=%2Fwp%2Fv2%2Fmedia&parent=4"}],"curies":[{"name":"wp","href":"https:\/\/api.w.org\/{rel}","templated":true}]}}