{"id":770,"date":"2021-06-21T10:57:06","date_gmt":"2021-06-21T08:57:06","guid":{"rendered":"http:\/\/localhost:8000\/?page_id=770"},"modified":"2023-09-06T10:38:20","modified_gmt":"2023-09-06T08:38:20","slug":"palazzetto","status":"publish","type":"page","link":"https:\/\/www.hockeyforli.it\/?page_id=770","title":{"rendered":"Palazzetto"},"content":{"rendered":"\n<p class=\"has-text-align-center\">La &#8220;casa&#8221; della Libertas Hockey Forl\u00ec \u00e8 il<\/p>\n\n\n\n<p class=\"has-text-align-center\"><strong>Pattinodromo Comunale &#8220;Parco Incontro&#8221;<\/strong><\/p>\n\n\n\n<p class=\"has-text-align-center\"><strong>Via Ribolle, 74 &#8211; Forl\u00ec<\/strong><\/p>\n\n\n\n<p class=\"has-text-align-center\">dove gioca le proprie partite casalinghe e dove si tengono gli allenamenti.<\/p>\n\n\n\n<p><\/p>\n\n\n<div class=\"wp-block-image\">\n<figure class=\"aligncenter size-large is-resized\"><img loading=\"lazy\" src=\"https:\/\/www.hockeyforli.it\/wp-content\/uploads\/2023\/04\/4px-BW84_n0QJGVPszge3NRBsKw-2VcOifrJIjPYFYkOtaCZxxXQ2TAqUvbgXec3_CnbXQwtz0VKeuXG-_m2P9SiQXTNvyJt30DbEpT8nQddQgN9eVjJvg-1024x768.webp\" alt=\"\" class=\"wp-image-1711\" width=\"499\" height=\"374\" srcset=\"https:\/\/www.hockeyforli.it\/wp-content\/uploads\/2023\/04\/4px-BW84_n0QJGVPszge3NRBsKw-2VcOifrJIjPYFYkOtaCZxxXQ2TAqUvbgXec3_CnbXQwtz0VKeuXG-_m2P9SiQXTNvyJt30DbEpT8nQddQgN9eVjJvg-1024x768.webp 1024w, https:\/\/www.hockeyforli.it\/wp-content\/uploads\/2023\/04\/4px-BW84_n0QJGVPszge3NRBsKw-2VcOifrJIjPYFYkOtaCZxxXQ2TAqUvbgXec3_CnbXQwtz0VKeuXG-_m2P9SiQXTNvyJt30DbEpT8nQddQgN9eVjJvg-300x225.webp 300w, https:\/\/www.hockeyforli.it\/wp-content\/uploads\/2023\/04\/4px-BW84_n0QJGVPszge3NRBsKw-2VcOifrJIjPYFYkOtaCZxxXQ2TAqUvbgXec3_CnbXQwtz0VKeuXG-_m2P9SiQXTNvyJt30DbEpT8nQddQgN9eVjJvg-768x576.webp 768w, https:\/\/www.hockeyforli.it\/wp-content\/uploads\/2023\/04\/4px-BW84_n0QJGVPszge3NRBsKw-2VcOifrJIjPYFYkOtaCZxxXQ2TAqUvbgXec3_CnbXQwtz0VKeuXG-_m2P9SiQXTNvyJt30DbEpT8nQddQgN9eVjJvg.webp 1536w\" sizes=\"(max-width: 499px) 100vw, 499px\" \/><figcaption>L&#8217;interno del pattinodromo<\/figcaption><\/figure><\/div>\n\n<div class=\"wp-block-image\">\n<figure class=\"aligncenter size-full is-resized\"><img loading=\"lazy\" src=\"https:\/\/www.hockeyforli.it\/wp-content\/uploads\/2023\/04\/Pattinodromo-Ribolle_784_9741.gif\" alt=\"\" class=\"wp-image-1712\" width=\"508\" height=\"383\"\/><figcaption>L&#8217;esterno del pattinodromo<\/figcaption><\/figure><\/div>\n\n\n<p class=\"has-text-align-center\"><strong>Per raggiungerci dall&#8217;Autostrada:&nbsp;<a href=\"http:\/\/maps.google.it\/maps\/ms?ie=UTF8&amp;hl=it&amp;msa=0&amp;msid=116617098790563931705.0000011257a179a8928f8&amp;z=13\" target=\"_blank\" rel=\"noreferrer noopener\"><strong>(Link alla mappa con il tracciato)<\/strong><\/a><\/strong><\/p>\n\n\n\n<p>Uscite al casello di <strong>Forl\u00ec<\/strong>. Svoltate a <strong>destra<\/strong> e alla <strong>rotonda <\/strong>girate a<strong> sinistra<\/strong>. Dopo circa 500 metri svoltate a <strong>sinistra<\/strong> in <strong>Via Punta di Ferro<\/strong>. Ora proseguite <strong>sempre dritto<\/strong> per circa <strong>6 Km (percorrendo in ordine Via Bertini, Via Gramsci, Via Campo di Marte e Via Campo degli Svizzeri)<\/strong>, incontrerete prima una serie di 4 rotonde e poi alcuni semafori. Giunti alla <strong>5\u00b0 rotonda<\/strong> proseguite <strong>ancora dritto<\/strong> per altri 500 metri e voltate a <strong>destra<\/strong> in <strong>Via Ca&#8217; Rossa<\/strong>. Arrivati all&#8217;incrocio alla fine di via Ca&#8217; Rossa girate a <strong>sinistra<\/strong> e poi <strong>subito a destra<\/strong> in <strong>Via Ribolle<\/strong>. Poco pi\u00f9 avanti sulla sinistra troverete l&#8217;ampio parcheggio di fronte al Pattinodromo.<\/p>\n\n\n\n<iframe src=\"https:\/\/www.google.com\/maps\/embed?pb=!1m18!1m12!1m3!1d1430.1022937469247!2d12.034149766340123!3d44.202852580467!2m3!1f0!2f0!3f0!3m2!1i1024!2i768!4f13.1!3m3!1m2!1s0x132b5831afb441a3%3A0x7b50cf716efc69db!2sPattinodromo%20Forl%C3%AC!5e0!3m2!1sen!2sit!4v1623749873691!5m2!1sen!2sit\" style=\"border:0;\" allowfullscreen=\"\" loading=\"lazy\" width=\"600\" height=\"450\"><\/iframe>\n\n\n\n<div style=\"height:100px\" aria-hidden=\"true\" class=\"wp-block-spacer\"><\/div>\n\n\n\n<p><\/p>\n","protected":false},"excerpt":{"rendered":"<p>La &#8220;casa&#8221; della Libertas Hockey Forl\u00ec \u00e8 il Pattinodromo Comunale &#8220;Parco Incontro&#8221; Via Ribolle, 74 &#8211; Forl\u00ec dove gioca le proprie partite casalinghe e dove si tengono gli allenamenti. Per raggiungerci dall&#8217;Autostrada:&nbsp;(Link alla mappa con il tracciato) Uscite al casello di Forl\u00ec. Svoltate a destra e alla rotonda girate a sinistra. Dopo circa 500 metri &hellip; <\/p>\n<p class=\"link-more\"><a href=\"https:\/\/www.hockeyforli.it\/?page_id=770\" class=\"more-link\">Continue reading<span class=\"screen-reader-text\"> &#8220;Palazzetto&#8221;<\/span><\/a><\/p>\n","protected":false},"author":1,"featured_media":0,"parent":0,"menu_order":0,"comment_status":"closed","ping_status":"closed","template":"","meta":{"_regular_price":[],"currency_symbol":[]},"post_slider_layout_featured_media_urls":{"thumbnail":"","post_slider_layout_landscape_large":"","post_slider_layout_portrait_large":"","post_slider_layout_square_large":"","post_slider_layout_landscape":"","post_slider_layout_portrait":"","post_slider_layout_square":"","full":""},"_links":{"self":[{"href":"https:\/\/www.hockeyforli.it\/index.php?rest_route=\/wp\/v2\/pages\/770"}],"collection":[{"href":"https:\/\/www.hockeyforli.it\/index.php?rest_route=\/wp\/v2\/pages"}],"about":[{"href":"https:\/\/www.hockeyforli.it\/index.php?rest_route=\/wp\/v2\/types\/page"}],"author":[{"embeddable":true,"href":"https:\/\/www.hockeyforli.it\/index.php?rest_route=\/wp\/v2\/users\/1"}],"replies":[{"embeddable":true,"href":"https:\/\/www.hockeyforli.it\/index.php?rest_route=%2Fwp%2Fv2%2Fcomments&post=770"}],"version-history":[{"count":5,"href":"https:\/\/www.hockeyforli.it\/index.php?rest_route=\/wp\/v2\/pages\/770\/revisions"}],"predecessor-version":[{"id":1732,"href":"https:\/\/www.hockeyforli.it\/index.php?rest_route=\/wp\/v2\/pages\/770\/revisions\/1732"}],"wp:attachment":[{"href":"https:\/\/www.hockeyforli.it\/index.php?rest_route=%2Fwp%2Fv2%2Fmedia&parent=770"}],"curies":[{"name":"wp","href":"https:\/\/api.w.org\/{rel}","templated":true}]}}